{"id":5274,"date":"2020-12-27T13:16:59","date_gmt":"2020-12-27T12:16:59","guid":{"rendered":"https:\/\/www.meine-awi.de\/awi-online\/?page_id=5274"},"modified":"2022-05-14T14:28:31","modified_gmt":"2022-05-14T12:28:31","slug":"cookie-hinweise","status":"publish","type":"page","link":"https:\/\/www.meine-awi.de\/awi-online\/cookie-hinweise\/","title":{"rendered":"Cookie Hinweise AWI Online"},"content":{"rendered":"\t\t<div data-elementor-type=\"wp-page\" data-elementor-id=\"5274\" class=\"elementor elementor-5274\" data-elementor-post-type=\"page\">\n\t\t\t\t\t\t<section data-particle_enable=\"false\" data-particle-mobile-disabled=\"false\" class=\"elementor-section elementor-top-section elementor-element elementor-element-bd32b5c elementor-section-boxed elementor-section-height-default elementor-section-height-default\" data-id=\"bd32b5c\" data-element_type=\"section\" data-e-type=\"section\">\n\t\t\t\t\t\t<div class=\"elementor-container elementor-column-gap-default\">\n\t\t\t\t\t<div class=\"elementor-column elementor-col-50 elementor-top-column elementor-element elementor-element-6f9a96b\" data-id=\"6f9a96b\" data-element_type=\"column\" data-e-type=\"column\">\n\t\t\t<div class=\"elementor-widget-wrap elementor-element-populated\">\n\t\t\t\t\t\t<div class=\"elementor-element elementor-element-d5122b3 elementor-widget elementor-widget-heading\" data-id=\"d5122b3\" data-element_type=\"widget\" data-e-type=\"widget\" data-widget_type=\"heading.default\">\n\t\t\t\t<div class=\"elementor-widget-container\">\n\t\t\t\t\t<h1 class=\"elementor-heading-title elementor-size-default\">Cookie- und Opt-Out-Hinweise<\/h1>\t\t\t\t<\/div>\n\t\t\t\t<\/div>\n\t\t\t\t<div class=\"elementor-element elementor-element-5668f45 elementor-widget elementor-widget-shortcode\" data-id=\"5668f45\" data-element_type=\"widget\" data-e-type=\"widget\" data-widget_type=\"shortcode.default\">\n\t\t\t\t<div class=\"elementor-widget-container\">\n\t\t\t\t\t\t\t<div class=\"elementor-shortcode\"><span class=\"borlabs-cookie-open-dialog-preferences brlbs-cmpnt-container\" data-borlabs-cookie-title=\"Cookie Einstellungen\" data-borlabs-cookie-type=\"button\" ><\/span><\/div>\n\t\t\t\t\t\t<\/div>\n\t\t\t\t<\/div>\n\t\t\t\t<div class=\"elementor-element elementor-element-c44aa6b elementor-widget elementor-widget-text-editor\" data-id=\"c44aa6b\" data-element_type=\"widget\" data-e-type=\"widget\" data-widget_type=\"text-editor.default\">\n\t\t\t\t<div class=\"elementor-widget-container\">\n\t\t\t\t\t\t\t\t\t<p>Unsere Website wird unter u.a. durch die Verwendung von Cookies betrieben. Cookies sind Textdateien, welche \u00fcber Ihren Internetbrowser auf Ihrem Computersystem abgelegt und gespeichert werden.<\/p><p>Zahlreiche Internetseiten und Server verwenden Cookies. Viele Cookies enthalten eine sogenannte Cookie-ID. Eine Cookie-ID ist eine eindeutige Kennung des Cookies. Sie besteht aus einer Zeichenfolge, durch welche Internetseiten und Server dem konkreten Internetbrowser zugeordnet werden k\u00f6nnen, in dem das Cookie gespeichert wurde. <\/p>\t\t\t\t\t\t\t\t<\/div>\n\t\t\t\t<\/div>\n\t\t\t\t\t<\/div>\n\t\t<\/div>\n\t\t\t\t<div class=\"elementor-column elementor-col-50 elementor-top-column elementor-element elementor-element-c042aeb elementor-hidden-phone\" data-id=\"c042aeb\" data-element_type=\"column\" data-e-type=\"column\">\n\t\t\t<div class=\"elementor-widget-wrap elementor-element-populated\">\n\t\t\t\t\t\t<div class=\"elementor-element elementor-element-9728262 elementor-widget elementor-widget-template\" data-id=\"9728262\" data-element_type=\"widget\" data-e-type=\"widget\" data-widget_type=\"template.default\">\n\t\t\t\t<div class=\"elementor-widget-container\">\n\t\t\t\t\t\t\t<div class=\"elementor-template\">\n\t\t\t\t\t<div data-elementor-type=\"section\" data-elementor-id=\"4575\" class=\"elementor elementor-4575\" data-elementor-post-type=\"elementor_library\">\n\t\t\t\t\t<section data-particle_enable=\"false\" data-particle-mobile-disabled=\"false\" class=\"elementor-section elementor-top-section elementor-element elementor-element-7fa10a7 elementor-section-boxed elementor-section-height-default elementor-section-height-default\" data-id=\"7fa10a7\" data-element_type=\"section\" data-e-type=\"section\">\n\t\t\t\t\t\t<div class=\"elementor-container elementor-column-gap-default\">\n\t\t\t\t\t<div class=\"elementor-column elementor-col-100 elementor-top-column elementor-element elementor-element-41ca403\" data-id=\"41ca403\" data-element_type=\"column\" data-e-type=\"column\">\n\t\t\t<div class=\"elementor-widget-wrap elementor-element-populated\">\n\t\t\t\t\t\t<div class=\"elementor-element elementor-element-fefc019 elementor-search-form--skin-classic elementor-search-form--button-type-icon elementor-search-form--icon-search elementor-widget elementor-widget-search-form\" data-id=\"fefc019\" data-element_type=\"widget\" data-e-type=\"widget\" data-settings=\"{&quot;skin&quot;:&quot;classic&quot;}\" data-widget_type=\"search-form.default\">\n\t\t\t\t<div class=\"elementor-widget-container\">\n\t\t\t\t\t\t\t<search role=\"search\">\n\t\t\t<form class=\"elementor-search-form\" action=\"https:\/\/www.meine-awi.de\/awi-online\" method=\"get\">\n\t\t\t\t\t\t\t\t\t\t\t\t<div class=\"elementor-search-form__container\">\n\t\t\t\t\t<label class=\"elementor-screen-only\" for=\"elementor-search-form-fefc019\">Suche<\/label>\n\n\t\t\t\t\t\n\t\t\t\t\t<input id=\"elementor-search-form-fefc019\" placeholder=\"Search...\" class=\"elementor-search-form__input\" type=\"search\" name=\"s\" value=\"\">\n\t\t\t\t\t\n\t\t\t\t\t\t\t\t\t\t\t<button class=\"elementor-search-form__submit\" type=\"submit\" aria-label=\"Suche\">\n\t\t\t\t\t\t\t\t\t\t\t\t\t\t\t<i aria-hidden=\"true\" class=\"fas fa-search\"><\/i>\t\t\t\t\t\t\t\t\t\t\t\t\t<\/button>\n\t\t\t\t\t\n\t\t\t\t\t\t\t\t\t<\/div>\n\t\t\t<\/form>\n\t\t<\/search>\n\t\t\t\t\t\t<\/div>\n\t\t\t\t<\/div>\n\t\t\t\t<section data-particle_enable=\"false\" data-particle-mobile-disabled=\"false\" class=\"elementor-section elementor-inner-section elementor-element elementor-element-a2f3244 elementor-section-boxed elementor-section-height-default elementor-section-height-default\" data-id=\"a2f3244\" data-element_type=\"section\" data-e-type=\"section\">\n\t\t\t\t\t\t<div class=\"elementor-container elementor-column-gap-default\">\n\t\t\t\t\t<div class=\"elementor-column elementor-col-25 elementor-inner-column elementor-element elementor-element-924d1f6\" data-id=\"924d1f6\" data-element_type=\"column\" data-e-type=\"column\">\n\t\t\t<div class=\"elementor-widget-wrap elementor-element-populated\">\n\t\t\t\t\t\t<div class=\"elementor-element elementor-element-a566ba4 elementor-widget elementor-widget-image\" data-id=\"a566ba4\" data-element_type=\"widget\" data-e-type=\"widget\" data-widget_type=\"image.default\">\n\t\t\t\t<div class=\"elementor-widget-container\">\n\t\t\t\t\t\t\t\t\t\t\t\t\t\t\t\t<a href=\"https:\/\/www.meine-awi.de\/awi-online\/wp-content\/uploads\/sites\/5\/2024\/04\/Website_LogoEA_1500x1500px.png\" data-elementor-open-lightbox=\"yes\" data-e-action-hash=\"#elementor-action%3Aaction%3Dlightbox%26settings%3DeyJpZCI6IjEyNDY0IiwidXJsIjoiaHR0cHM6XC9cL3d3dy5tZWluZS1hd2kuZGVcL2F3aS1vbmxpbmVcL3dwLWNvbnRlbnRcL3VwbG9hZHNcL3NpdGVzXC81XC8yMDI0XC8wNFwvV2Vic2l0ZV9Mb2dvRUFfMTUwMHgxNTAwcHgucG5nIn0%3D\">\n\t\t\t\t\t\t\t<img decoding=\"async\" src=\"https:\/\/www.meine-awi.de\/awi-online\/wp-content\/uploads\/sites\/5\/elementor\/thumbs\/Website_LogoEA_1500x1500px-r0pqop6bm0u22n8e8l9bf15eo49nxps0ul4r7ho8xo.png\" title=\"Website_LogoEA_1500x1500px\" alt=\"Website_LogoEA_1500x1500px\" loading=\"lazy\" \/>\t\t\t\t\t\t\t\t<\/a>\n\t\t\t\t\t\t\t\t\t\t\t\t\t\t\t<\/div>\n\t\t\t\t<\/div>\n\t\t\t\t\t<\/div>\n\t\t<\/div>\n\t\t\t\t<div class=\"elementor-column elementor-col-25 elementor-inner-column elementor-element elementor-element-48ff7dc\" data-id=\"48ff7dc\" data-element_type=\"column\" data-e-type=\"column\">\n\t\t\t<div class=\"elementor-widget-wrap elementor-element-populated\">\n\t\t\t\t\t\t<div class=\"elementor-element elementor-element-c16e443 elementor-widget elementor-widget-image\" data-id=\"c16e443\" data-element_type=\"widget\" data-e-type=\"widget\" data-widget_type=\"image.default\">\n\t\t\t\t<div class=\"elementor-widget-container\">\n\t\t\t\t\t\t\t\t\t\t\t\t\t\t\t\t<a href=\"https:\/\/www.meine-awi.de\/awi-online\/wp-content\/uploads\/sites\/5\/2020\/11\/TOP-Steuerberater-2023.png\" data-elementor-open-lightbox=\"yes\" data-e-action-hash=\"#elementor-action%3Aaction%3Dlightbox%26settings%3DeyJpZCI6IjExMDA4IiwidXJsIjoiaHR0cHM6XC9cL3d3dy5tZWluZS1hd2kuZGVcL2F3aS1vbmxpbmVcL3dwLWNvbnRlbnRcL3VwbG9hZHNcL3NpdGVzXC81XC8yMDIwXC8xMVwvVE9QLVN0ZXVlcmJlcmF0ZXItMjAyMy5wbmcifQ%3D%3D\">\n\t\t\t\t\t\t\t<img decoding=\"async\" src=\"https:\/\/www.meine-awi.de\/awi-online\/wp-content\/uploads\/sites\/5\/elementor\/thumbs\/TOP-Steuerberater-2023-q7pfekznw91d3nzniz5s2eo3ip1gj616tgzhwtzxa4.png\" title=\"\" alt=\"\" loading=\"lazy\" \/>\t\t\t\t\t\t\t\t<\/a>\n\t\t\t\t\t\t\t\t\t\t\t\t\t\t\t<\/div>\n\t\t\t\t<\/div>\n\t\t\t\t\t<\/div>\n\t\t<\/div>\n\t\t\t\t<div class=\"elementor-column elementor-col-25 elementor-inner-column elementor-element elementor-element-5be99bd\" data-id=\"5be99bd\" data-element_type=\"column\" data-e-type=\"column\">\n\t\t\t<div class=\"elementor-widget-wrap elementor-element-populated\">\n\t\t\t\t\t\t<div class=\"elementor-element elementor-element-b9dee59 elementor-widget elementor-widget-image\" data-id=\"b9dee59\" data-element_type=\"widget\" data-e-type=\"widget\" data-widget_type=\"image.default\">\n\t\t\t\t<div class=\"elementor-widget-container\">\n\t\t\t\t\t\t\t\t\t\t\t\t\t\t\t\t<a href=\"https:\/\/www.meine-awi.de\/awi-online\/wp-content\/uploads\/sites\/5\/2024\/07\/Topdigital_1400x800.png\" data-elementor-open-lightbox=\"yes\" data-e-action-hash=\"#elementor-action%3Aaction%3Dlightbox%26settings%3DeyJpZCI6IjExMzIwIiwidXJsIjoiaHR0cHM6XC9cL3d3dy5tZWluZS1hd2kuZGVcL2F3aS1vbmxpbmVcL3dwLWNvbnRlbnRcL3VwbG9hZHNcL3NpdGVzXC81XC8yMDI0XC8wN1wvVG9wZGlnaXRhbF8xNDAweDgwMC5wbmcifQ%3D%3D\">\n\t\t\t\t\t\t\t<img decoding=\"async\" src=\"https:\/\/www.meine-awi.de\/awi-online\/wp-content\/uploads\/sites\/5\/elementor\/thumbs\/Topdigital_1400x800-qr5granhlq0bzvfjp45mnynute19gkutuuxo64c36o.png\" title=\"Topdigital_1400x800\" alt=\"Topdigital_1400x800\" loading=\"lazy\" \/>\t\t\t\t\t\t\t\t<\/a>\n\t\t\t\t\t\t\t\t\t\t\t\t\t\t\t<\/div>\n\t\t\t\t<\/div>\n\t\t\t\t\t<\/div>\n\t\t<\/div>\n\t\t\t\t<div class=\"elementor-column elementor-col-25 elementor-inner-column elementor-element elementor-element-4080387\" data-id=\"4080387\" data-element_type=\"column\" data-e-type=\"column\">\n\t\t\t<div class=\"elementor-widget-wrap elementor-element-populated\">\n\t\t\t\t\t\t<div class=\"elementor-element elementor-element-bb3833d elementor-widget elementor-widget-image\" data-id=\"bb3833d\" data-element_type=\"widget\" data-e-type=\"widget\" data-widget_type=\"image.default\">\n\t\t\t\t<div class=\"elementor-widget-container\">\n\t\t\t\t\t\t\t\t\t\t\t\t\t\t\t\t<a href=\"https:\/\/www.meine-awi.de\/awi-online\/wp-content\/uploads\/sites\/5\/2024\/04\/DATEV_Label_Digitale_Kanzlei_2025_RGB.png\" data-elementor-open-lightbox=\"yes\" data-e-action-hash=\"#elementor-action%3Aaction%3Dlightbox%26settings%3DeyJpZCI6IjEyNDYxIiwidXJsIjoiaHR0cHM6XC9cL3d3dy5tZWluZS1hd2kuZGVcL2F3aS1vbmxpbmVcL3dwLWNvbnRlbnRcL3VwbG9hZHNcL3NpdGVzXC81XC8yMDI0XC8wNFwvREFURVZfTGFiZWxfRGlnaXRhbGVfS2FuemxlaV8yMDI1X1JHQi5wbmcifQ%3D%3D\">\n\t\t\t\t\t\t\t<img decoding=\"async\" src=\"https:\/\/www.meine-awi.de\/awi-online\/wp-content\/uploads\/sites\/5\/elementor\/thumbs\/DATEV_Label_Digitale_Kanzlei_2025_RGB-r0a172ie5krw39tqhw5i97ioq4flq5eelobvci4th8.png\" title=\"DATEV_Label_Digitale_Kanzlei_2025_RGB\" alt=\"DATEV_Label_Digitale_Kanzlei_2025_RGB\" loading=\"lazy\" \/>\t\t\t\t\t\t\t\t<\/a>\n\t\t\t\t\t\t\t\t\t\t\t\t\t\t\t<\/div>\n\t\t\t\t<\/div>\n\t\t\t\t\t<\/div>\n\t\t<\/div>\n\t\t\t\t\t<\/div>\n\t\t<\/section>\n\t\t\t\t\t<\/div>\n\t\t<\/div>\n\t\t\t\t\t<\/div>\n\t\t<\/section>\n\t\t\t\t<\/div>\n\t\t\t\t<\/div>\n\t\t\t\t\t\t<\/div>\n\t\t\t\t<\/div>\n\t\t\t\t\t<\/div>\n\t\t<\/div>\n\t\t\t\t\t<\/div>\n\t\t<\/section>\n\t\t\t\t<section data-particle_enable=\"false\" data-particle-mobile-disabled=\"false\" class=\"elementor-section elementor-top-section elementor-element elementor-element-3a4174b elementor-section-boxed elementor-section-height-default elementor-section-height-default\" data-id=\"3a4174b\" data-element_type=\"section\" data-e-type=\"section\">\n\t\t\t\t\t\t<div class=\"elementor-container elementor-column-gap-default\">\n\t\t\t\t\t<div class=\"elementor-column elementor-col-100 elementor-top-column elementor-element elementor-element-b23b40f\" data-id=\"b23b40f\" data-element_type=\"column\" data-e-type=\"column\">\n\t\t\t<div class=\"elementor-widget-wrap elementor-element-populated\">\n\t\t\t\t\t\t<div class=\"elementor-element elementor-element-122f088 elementor-widget elementor-widget-text-editor\" data-id=\"122f088\" data-element_type=\"widget\" data-e-type=\"widget\" data-widget_type=\"text-editor.default\">\n\t\t\t\t<div class=\"elementor-widget-container\">\n\t\t\t\t\t\t\t\t\t<p>Durch den Einsatz von Cookies kann die AWI TREUHAND Ihnen nutzerfreundlichere Services zur Verf\u00fcgung stellen, die ohne die Cookie-Setzung nicht m\u00f6glich w\u00e4ren.<\/p><p>Mittels eines Cookies k\u00f6nnen die Informationen und Angebote auf unserer Internetseite in Ihrem Sinne optimiert werden. Cookies erm\u00f6glichen es uns also, Sie wiederzuerkennen. Es handelt sich um kleine Dateien, die beim Besuch von Webseiten gesetzt werden. Durch deren Hilfe merkt sich Ihr Internet-Browser, dass Sie unsere Website bereits einmal besucht haben.<\/p><p>Zweck dieser Wiedererkennung ist es, den Nutzern die Verwendung unserer Internetseite zu erleichtern. Wenn Sie unsere Website verwenden, m\u00fcssen Sie beispielsweise nicht bei jedem Besuch der Internetseite erneut Ihre Zugangsdaten eingeben, weil dies von unserer Website und dem auf Ihrem Computersystem abgelegten Cookie \u00fcbernommen wird.<\/p><p>Sie k\u00f6nnen die Setzung von Cookies durch unsere Internetseite jederzeit mittels einer entsprechenden Einstellung des genutzten Internetbrowsers verhindern und damit der Setzung von Cookies dauerhaft widersprechen. Ferner k\u00f6nnen bereits gesetzte Cookies jederzeit \u00fcber Ihren Internetbrowser oder andere Softwareprogramme gel\u00f6scht werden. Dies ist in allen g\u00e4ngigen Internetbrowsern m\u00f6glich. Sollten Sie die Setzung von Cookies in dem genutzten Internetbrowser deaktivieren, sind unter Umst\u00e4nden nicht alle Funktionen unserer Internetseite vollumf\u00e4nglich nutzbar.<\/p><p>Dies erm\u00f6glicht es den besuchten Internetseiten und Servern, Ihren individuellen Browser von anderen Internetbrowsern, die andere Cookies enthalten, zu unterscheiden. Ein bestimmter Internetbrowser kann \u00fcber die eindeutige Cookie-ID wiedererkannt und identifiziert werden.<\/p>\t\t\t\t\t\t\t\t<\/div>\n\t\t\t\t<\/div>\n\t\t\t\t<div class=\"elementor-element elementor-element-4212d3a elementor-align-center elementor-widget elementor-widget-button\" data-id=\"4212d3a\" data-element_type=\"widget\" data-e-type=\"widget\" data-widget_type=\"button.default\">\n\t\t\t\t<div class=\"elementor-widget-container\">\n\t\t\t\t\t\t\t\t\t<div class=\"elementor-button-wrapper\">\n\t\t\t\t\t<a class=\"elementor-button elementor-button-link elementor-size-sm\" href=\"https:\/\/www.meine-awi.de\/datenschutzerklaerung\/\" target=\"_blank\">\n\t\t\t\t\t\t<span class=\"elementor-button-content-wrapper\">\n\t\t\t\t\t\t\t\t\t<span class=\"elementor-button-text\">Weitere Infos erhalten Sie in der Datenschutzerkl\u00e4rung<\/span>\n\t\t\t\t\t<\/span>\n\t\t\t\t\t<\/a>\n\t\t\t\t<\/div>\n\t\t\t\t\t\t\t\t<\/div>\n\t\t\t\t<\/div>\n\t\t\t\t\t<\/div>\n\t\t<\/div>\n\t\t\t\t\t<\/div>\n\t\t<\/section>\n\t\t\t\t<\/div>\n\t\t","protected":false},"excerpt":{"rendered":"<p>Cookie- und Opt-Out-Hinweise Unsere Website wird unter u.a. durch die Verwendung von Cookies betrieben. Cookies sind Textdateien, welche \u00fcber Ihren Internetbrowser auf Ihrem Computersystem abgelegt und gespeichert werden. Zahlreiche Internetseiten und Server verwenden Cookies. Viele Cookies enthalten eine sogenannte Cookie-ID. Eine Cookie-ID ist eine eindeutige Kennung des Cookies. Sie besteht aus einer Zeichenfolge, durch welche [&hellip;]<\/p>\n","protected":false},"author":4,"featured_media":0,"parent":0,"menu_order":0,"comment_status":"closed","ping_status":"closed","template":"elementor_header_footer","meta":{"footnotes":""},"class_list":["post-5274","page","type-page","status-publish","hentry"],"yoast_head":"<!-- This site is optimized with the Yoast SEO Premium plugin v27.2 (Yoast SEO v27.4) - https:\/\/yoast.com\/product\/yoast-seo-premium-wordpress\/ -->\n<title>Cookie Hinweise AWI Online | Daten Online Steuerberater &amp; Wirtschaftspr\u00fcfer Augsburg<\/title>\n<meta name=\"robots\" content=\"index, follow, max-snippet:-1, max-image-preview:large, max-video-preview:-1\" \/>\n<link rel=\"canonical\" href=\"https:\/\/www.meine-awi.de\/awi-online\/cookie-hinweise\/\" \/>\n<meta property=\"og:locale\" content=\"de_DE\" \/>\n<meta property=\"og:type\" content=\"article\" \/>\n<meta property=\"og:title\" content=\"Cookie Hinweise AWI Online\" \/>\n<meta property=\"og:description\" content=\"Cookie- und Opt-Out-Hinweise Unsere Website wird unter u.a. durch die Verwendung von Cookies betrieben. Cookies sind Textdateien, welche \u00fcber Ihren Internetbrowser auf Ihrem Computersystem abgelegt und gespeichert werden. Zahlreiche Internetseiten und Server verwenden Cookies. Viele Cookies enthalten eine sogenannte Cookie-ID. Eine Cookie-ID ist eine eindeutige Kennung des Cookies. Sie besteht aus einer Zeichenfolge, durch welche [&hellip;]\" \/>\n<meta property=\"og:url\" content=\"https:\/\/www.meine-awi.de\/awi-online\/cookie-hinweise\/\" \/>\n<meta property=\"og:site_name\" content=\"Daten Online Steuerberater &amp; Wirtschaftspr\u00fcfer Augsburg\" \/>\n<meta property=\"article:modified_time\" content=\"2022-05-14T12:28:31+00:00\" \/>\n<meta property=\"og:image\" content=\"https:\/\/www.meine-awi.de\/awi-online\/wp-content\/uploads\/sites\/5\/2021\/04\/AWI-Online-Steuerberater-und-Wirtschaftspruefer-Augsburg.jpg\" \/>\n\t<meta property=\"og:image:width\" content=\"467\" \/>\n\t<meta property=\"og:image:height\" content=\"233\" \/>\n\t<meta property=\"og:image:type\" content=\"image\/jpeg\" \/>\n<meta name=\"twitter:card\" content=\"summary_large_image\" \/>\n<meta name=\"twitter:label1\" content=\"Gesch\u00e4tzte Lesezeit\" \/>\n\t<meta name=\"twitter:data1\" content=\"4\u00a0Minuten\" \/>\n<script type=\"application\/ld+json\" class=\"yoast-schema-graph\">{\"@context\":\"https:\\\/\\\/schema.org\",\"@graph\":[{\"@type\":\"WebPage\",\"@id\":\"https:\\\/\\\/www.meine-awi.de\\\/awi-online\\\/cookie-hinweise\\\/\",\"url\":\"https:\\\/\\\/www.meine-awi.de\\\/awi-online\\\/cookie-hinweise\\\/\",\"name\":\"Cookie Hinweise AWI Online | Daten Online Steuerberater &amp; Wirtschaftspr\u00fcfer Augsburg\",\"isPartOf\":{\"@id\":\"https:\\\/\\\/www.meine-awi.de\\\/awi-online\\\/#website\"},\"datePublished\":\"2020-12-27T12:16:59+00:00\",\"dateModified\":\"2022-05-14T12:28:31+00:00\",\"breadcrumb\":{\"@id\":\"https:\\\/\\\/www.meine-awi.de\\\/awi-online\\\/cookie-hinweise\\\/#breadcrumb\"},\"inLanguage\":\"de\",\"potentialAction\":[{\"@type\":\"ReadAction\",\"target\":[\"https:\\\/\\\/www.meine-awi.de\\\/awi-online\\\/cookie-hinweise\\\/\"]}]},{\"@type\":\"BreadcrumbList\",\"@id\":\"https:\\\/\\\/www.meine-awi.de\\\/awi-online\\\/cookie-hinweise\\\/#breadcrumb\",\"itemListElement\":[{\"@type\":\"ListItem\",\"position\":1,\"name\":\"Startseite\",\"item\":\"https:\\\/\\\/www.meine-awi.de\\\/awi-online\\\/\"},{\"@type\":\"ListItem\",\"position\":2,\"name\":\"Cookie Hinweise AWI Online\"}]},{\"@type\":\"WebSite\",\"@id\":\"https:\\\/\\\/www.meine-awi.de\\\/awi-online\\\/#website\",\"url\":\"https:\\\/\\\/www.meine-awi.de\\\/awi-online\\\/\",\"name\":\"Daten Online Steuerberater &amp; Wirtschaftspr\u00fcfer Augsburg\",\"description\":\"awi Wirtschaftskanzlei\",\"publisher\":{\"@id\":\"https:\\\/\\\/www.meine-awi.de\\\/awi-online\\\/#organization\"},\"potentialAction\":[{\"@type\":\"SearchAction\",\"target\":{\"@type\":\"EntryPoint\",\"urlTemplate\":\"https:\\\/\\\/www.meine-awi.de\\\/awi-online\\\/?s={search_term_string}\"},\"query-input\":{\"@type\":\"PropertyValueSpecification\",\"valueRequired\":true,\"valueName\":\"search_term_string\"}}],\"inLanguage\":\"de\"},{\"@type\":\"Organization\",\"@id\":\"https:\\\/\\\/www.meine-awi.de\\\/awi-online\\\/#organization\",\"name\":\"awi tax gmbh + co. kg steuerberatungsgesellschaft\",\"alternateName\":\"awi Wirtschaftskanzlei in Augsburg\",\"url\":\"https:\\\/\\\/www.meine-awi.de\\\/awi-online\\\/\",\"logo\":{\"@type\":\"ImageObject\",\"inLanguage\":\"de\",\"@id\":\"https:\\\/\\\/www.meine-awi.de\\\/awi-online\\\/#\\\/schema\\\/logo\\\/image\\\/\",\"url\":\"https:\\\/\\\/www.meine-awi.de\\\/awi-online\\\/wp-content\\\/uploads\\\/sites\\\/5\\\/2020\\\/10\\\/cropped-Logo-AWI-N-Rund-.png\",\"contentUrl\":\"https:\\\/\\\/www.meine-awi.de\\\/awi-online\\\/wp-content\\\/uploads\\\/sites\\\/5\\\/2020\\\/10\\\/cropped-Logo-AWI-N-Rund-.png\",\"width\":512,\"height\":512,\"caption\":\"awi tax gmbh + co. kg steuerberatungsgesellschaft\"},\"image\":{\"@id\":\"https:\\\/\\\/www.meine-awi.de\\\/awi-online\\\/#\\\/schema\\\/logo\\\/image\\\/\"}}]}<\/script>\n<!-- \/ Yoast SEO Premium plugin. -->","yoast_head_json":{"title":"Cookie Hinweise AWI Online | Daten Online Steuerberater &amp; Wirtschaftspr\u00fcfer Augsburg","robots":{"index":"index","follow":"follow","max-snippet":"max-snippet:-1","max-image-preview":"max-image-preview:large","max-video-preview":"max-video-preview:-1"},"canonical":"https:\/\/www.meine-awi.de\/awi-online\/cookie-hinweise\/","og_locale":"de_DE","og_type":"article","og_title":"Cookie Hinweise AWI Online","og_description":"Cookie- und Opt-Out-Hinweise Unsere Website wird unter u.a. durch die Verwendung von Cookies betrieben. Cookies sind Textdateien, welche \u00fcber Ihren Internetbrowser auf Ihrem Computersystem abgelegt und gespeichert werden. Zahlreiche Internetseiten und Server verwenden Cookies. Viele Cookies enthalten eine sogenannte Cookie-ID. Eine Cookie-ID ist eine eindeutige Kennung des Cookies. Sie besteht aus einer Zeichenfolge, durch welche [&hellip;]","og_url":"https:\/\/www.meine-awi.de\/awi-online\/cookie-hinweise\/","og_site_name":"Daten Online Steuerberater &amp; Wirtschaftspr\u00fcfer Augsburg","article_modified_time":"2022-05-14T12:28:31+00:00","og_image":[{"width":467,"height":233,"url":"https:\/\/www.meine-awi.de\/awi-online\/wp-content\/uploads\/sites\/5\/2021\/04\/AWI-Online-Steuerberater-und-Wirtschaftspruefer-Augsburg.jpg","type":"image\/jpeg"}],"twitter_card":"summary_large_image","twitter_misc":{"Gesch\u00e4tzte Lesezeit":"4\u00a0Minuten"},"schema":{"@context":"https:\/\/schema.org","@graph":[{"@type":"WebPage","@id":"https:\/\/www.meine-awi.de\/awi-online\/cookie-hinweise\/","url":"https:\/\/www.meine-awi.de\/awi-online\/cookie-hinweise\/","name":"Cookie Hinweise AWI Online | Daten Online Steuerberater &amp; Wirtschaftspr\u00fcfer Augsburg","isPartOf":{"@id":"https:\/\/www.meine-awi.de\/awi-online\/#website"},"datePublished":"2020-12-27T12:16:59+00:00","dateModified":"2022-05-14T12:28:31+00:00","breadcrumb":{"@id":"https:\/\/www.meine-awi.de\/awi-online\/cookie-hinweise\/#breadcrumb"},"inLanguage":"de","potentialAction":[{"@type":"ReadAction","target":["https:\/\/www.meine-awi.de\/awi-online\/cookie-hinweise\/"]}]},{"@type":"BreadcrumbList","@id":"https:\/\/www.meine-awi.de\/awi-online\/cookie-hinweise\/#breadcrumb","itemListElement":[{"@type":"ListItem","position":1,"name":"Startseite","item":"https:\/\/www.meine-awi.de\/awi-online\/"},{"@type":"ListItem","position":2,"name":"Cookie Hinweise AWI Online"}]},{"@type":"WebSite","@id":"https:\/\/www.meine-awi.de\/awi-online\/#website","url":"https:\/\/www.meine-awi.de\/awi-online\/","name":"Daten Online Steuerberater &amp; Wirtschaftspr\u00fcfer Augsburg","description":"awi Wirtschaftskanzlei","publisher":{"@id":"https:\/\/www.meine-awi.de\/awi-online\/#organization"},"potentialAction":[{"@type":"SearchAction","target":{"@type":"EntryPoint","urlTemplate":"https:\/\/www.meine-awi.de\/awi-online\/?s={search_term_string}"},"query-input":{"@type":"PropertyValueSpecification","valueRequired":true,"valueName":"search_term_string"}}],"inLanguage":"de"},{"@type":"Organization","@id":"https:\/\/www.meine-awi.de\/awi-online\/#organization","name":"awi tax gmbh + co. kg steuerberatungsgesellschaft","alternateName":"awi Wirtschaftskanzlei in Augsburg","url":"https:\/\/www.meine-awi.de\/awi-online\/","logo":{"@type":"ImageObject","inLanguage":"de","@id":"https:\/\/www.meine-awi.de\/awi-online\/#\/schema\/logo\/image\/","url":"https:\/\/www.meine-awi.de\/awi-online\/wp-content\/uploads\/sites\/5\/2020\/10\/cropped-Logo-AWI-N-Rund-.png","contentUrl":"https:\/\/www.meine-awi.de\/awi-online\/wp-content\/uploads\/sites\/5\/2020\/10\/cropped-Logo-AWI-N-Rund-.png","width":512,"height":512,"caption":"awi tax gmbh + co. kg steuerberatungsgesellschaft"},"image":{"@id":"https:\/\/www.meine-awi.de\/awi-online\/#\/schema\/logo\/image\/"}}]}},"_links":{"self":[{"href":"https:\/\/www.meine-awi.de\/awi-online\/wp-json\/wp\/v2\/pages\/5274","targetHints":{"allow":["GET"]}}],"collection":[{"href":"https:\/\/www.meine-awi.de\/awi-online\/wp-json\/wp\/v2\/pages"}],"about":[{"href":"https:\/\/www.meine-awi.de\/awi-online\/wp-json\/wp\/v2\/types\/page"}],"author":[{"embeddable":true,"href":"https:\/\/www.meine-awi.de\/awi-online\/wp-json\/wp\/v2\/users\/4"}],"replies":[{"embeddable":true,"href":"https:\/\/www.meine-awi.de\/awi-online\/wp-json\/wp\/v2\/comments?post=5274"}],"version-history":[{"count":3,"href":"https:\/\/www.meine-awi.de\/awi-online\/wp-json\/wp\/v2\/pages\/5274\/revisions"}],"predecessor-version":[{"id":10800,"href":"https:\/\/www.meine-awi.de\/awi-online\/wp-json\/wp\/v2\/pages\/5274\/revisions\/10800"}],"wp:attachment":[{"href":"https:\/\/www.meine-awi.de\/awi-online\/wp-json\/wp\/v2\/media?parent=5274"}],"curies":[{"name":"wp","href":"https:\/\/api.w.org\/{rel}","templated":true}]}}