{"id":3462,"date":"2020-07-12T20:11:45","date_gmt":"2020-07-12T18:11:45","guid":{"rendered":"http:\/\/www.meine-awi.de\/meine-aktuelles\/?page_id=3462"},"modified":"2024-11-30T11:21:15","modified_gmt":"2024-11-30T10:21:15","slug":"base-frame-naechste-veranstaltungen","status":"publish","type":"page","link":"https:\/\/www.meine-awi.de\/awi-aktuell\/base-frame-naechste-veranstaltungen\/","title":{"rendered":"Base frame N\u00e4chste Veranstaltungen Meine AWI"},"content":{"rendered":"\t\t<div data-elementor-type=\"wp-page\" data-elementor-id=\"3462\" class=\"elementor elementor-3462\" data-elementor-post-type=\"page\">\n\t\t\t\t\t\t<section data-particle_enable=\"false\" data-particle-mobile-disabled=\"false\" class=\"elementor-section elementor-top-section elementor-element elementor-element-2c6db90 elementor-section-full_width elementor-section-height-default elementor-section-height-default\" data-id=\"2c6db90\" data-element_type=\"section\" data-e-type=\"section\" data-settings=\"{&quot;background_background&quot;:&quot;classic&quot;}\">\n\t\t\t\t\t\t<div class=\"elementor-container elementor-column-gap-default\">\n\t\t\t\t\t<div class=\"elementor-column elementor-col-100 elementor-top-column elementor-element elementor-element-b6f9209\" data-id=\"b6f9209\" data-element_type=\"column\" data-e-type=\"column\" data-settings=\"{&quot;background_background&quot;:&quot;classic&quot;}\">\n\t\t\t<div class=\"elementor-widget-wrap elementor-element-populated\">\n\t\t\t\t\t\t<section data-particle_enable=\"false\" data-particle-mobile-disabled=\"false\" class=\"elementor-section elementor-inner-section elementor-element elementor-element-06309a3 elementor-section-boxed elementor-section-height-default elementor-section-height-default\" data-id=\"06309a3\" data-element_type=\"section\" data-e-type=\"section\">\n\t\t\t\t\t\t<div class=\"elementor-container elementor-column-gap-default\">\n\t\t\t\t\t<div class=\"elementor-column elementor-col-50 elementor-inner-column elementor-element elementor-element-fdf236f\" data-id=\"fdf236f\" data-element_type=\"column\" data-e-type=\"column\">\n\t\t\t<div class=\"elementor-widget-wrap elementor-element-populated\">\n\t\t\t\t\t\t<div class=\"elementor-element elementor-element-d34ca1e elementor-widget elementor-widget-heading\" data-id=\"d34ca1e\" data-element_type=\"widget\" data-e-type=\"widget\" data-widget_type=\"heading.default\">\n\t\t\t\t<div class=\"elementor-widget-container\">\n\t\t\t\t\t<h2 class=\"elementor-heading-title elementor-size-default\"><a href=\"https:\/\/www.meine-awi.de\/awi-aktuell\/newsletter-aktuelles-jahr\/\">News<\/a><\/h2>\t\t\t\t<\/div>\n\t\t\t\t<\/div>\n\t\t\t\t<div class=\"elementor-element elementor-element-ae5d437 elementor-grid-1 elementor-grid-tablet-1 elementor-posts--thumbnail-none elementor-grid-mobile-1 elementor-widget elementor-widget-posts\" data-id=\"ae5d437\" data-element_type=\"widget\" data-e-type=\"widget\" data-settings=\"{&quot;classic_columns&quot;:&quot;1&quot;,&quot;classic_row_gap&quot;:{&quot;unit&quot;:&quot;px&quot;,&quot;size&quot;:80,&quot;sizes&quot;:[]},&quot;classic_columns_tablet&quot;:&quot;1&quot;,&quot;classic_columns_mobile&quot;:&quot;1&quot;,&quot;classic_row_gap_tablet&quot;:{&quot;unit&quot;:&quot;px&quot;,&quot;size&quot;:&quot;&quot;,&quot;sizes&quot;:[]},&quot;classic_row_gap_mobile&quot;:{&quot;unit&quot;:&quot;px&quot;,&quot;size&quot;:&quot;&quot;,&quot;sizes&quot;:[]}}\" data-widget_type=\"posts.classic\">\n\t\t\t\t<div class=\"elementor-widget-container\">\n\t\t\t\t\t\t\t<div class=\"elementor-posts-container elementor-posts elementor-posts--skin-classic elementor-grid\" role=\"list\">\n\t\t\t\t<article class=\"elementor-post elementor-grid-item post-18479 aktuell type-aktuell status-publish hentry newsletter-heilberufe\" role=\"listitem\">\n\t\t\t\t<div class=\"elementor-post__text\">\n\t\t\t\t<h2 class=\"elementor-post__title\">\n\t\t\t<a href=\"https:\/\/www.meine-awi.de\/awi-aktuell\/aktuell\/aktuelle-steuerinformationen-fuer-aerzte-und-zahnaerzte-04-2026\/\" >\n\t\t\t\tAKTUELLE STEUERINFORMATIONEN F\u00dcR \u00c4RZTE UND ZAHN\u00c4RZTE 04\/2026\t\t\t<\/a>\n\t\t<\/h2>\n\t\t\t\t<div class=\"elementor-post__meta-data\">\n\t\t\t\t\t<span class=\"elementor-post-date\">\n\t\t\t26 M\u00e4rz 2026\t\t<\/span>\n\t\t\t\t<\/div>\n\t\t\t\t<div class=\"elementor-post__excerpt\">\n\t\t\t<p>Ist illegale Besch\u00e4ftigung nur ein Kavaliersdelikt? Wir stellen Ihnen das Ergebnis einer<\/p>\n\t\t<\/div>\n\t\t\n\t\t<a class=\"elementor-post__read-more\" href=\"https:\/\/www.meine-awi.de\/awi-aktuell\/aktuell\/aktuelle-steuerinformationen-fuer-aerzte-und-zahnaerzte-04-2026\/\" aria-label=\"Mehr \u00fcber AKTUELLE STEUERINFORMATIONEN F\u00dcR \u00c4RZTE UND ZAHN\u00c4RZTE 04\/2026\" tabindex=\"-1\" >\n\t\t\t...Weiterlesen \u00bb\t\t<\/a>\n\n\t\t\t\t<\/div>\n\t\t\t\t<\/article>\n\t\t\t\t<\/div>\n\t\t\n\t\t\t\t\t\t<\/div>\n\t\t\t\t<\/div>\n\t\t\t\t<div class=\"elementor-element elementor-element-822610f elementor-widget elementor-widget-text-editor\" data-id=\"822610f\" data-element_type=\"widget\" data-e-type=\"widget\" data-widget_type=\"text-editor.default\">\n\t\t\t\t<div class=\"elementor-widget-container\">\n\t\t\t\t\t\t\t\t\t<p>Alle News finden Sie unter <a href=\"https:\/\/www.meine-awi.de\/awi-aktuell\/newsletter-aktuelles-jahr\/\" rel=\"noopener\">Aktuelles<\/a><\/p>\t\t\t\t\t\t\t\t<\/div>\n\t\t\t\t<\/div>\n\t\t\t\t\t<\/div>\n\t\t<\/div>\n\t\t\t\t<div class=\"elementor-column elementor-col-50 elementor-inner-column elementor-element elementor-element-0d97a89\" data-id=\"0d97a89\" data-element_type=\"column\" data-e-type=\"column\">\n\t\t\t<div class=\"elementor-widget-wrap elementor-element-populated\">\n\t\t\t\t\t\t<div class=\"elementor-element elementor-element-1035e12 elementor-widget elementor-widget-heading\" data-id=\"1035e12\" data-element_type=\"widget\" data-e-type=\"widget\" data-widget_type=\"heading.default\">\n\t\t\t\t<div class=\"elementor-widget-container\">\n\t\t\t\t\t<h2 class=\"elementor-heading-title elementor-size-default\"><a href=\"https:\/\/www.meine-awi.de\/awi-aktuell\/naechste-veranstaltungen\/\">Veranstaltung<\/a><\/h2>\t\t\t\t<\/div>\n\t\t\t\t<\/div>\n\t\t\t\t<div class=\"elementor-element elementor-element-d2d8af1 elementor-widget elementor-widget-shortcode\" data-id=\"d2d8af1\" data-element_type=\"widget\" data-e-type=\"widget\" data-widget_type=\"shortcode.default\">\n\t\t\t\t<div class=\"elementor-widget-container\">\n\t\t\t\t\t\t\t<div class=\"elementor-shortcode\">\t\t<div data-elementor-type=\"wp-post\" data-elementor-id=\"2663\" class=\"elementor elementor-2663\" data-elementor-post-type=\"mec_calendars\">\n\t\t\t\t<div data-particle_enable=\"false\" data-particle-mobile-disabled=\"false\" class=\"elementor-element elementor-element-8b73320 e-flex e-con-boxed e-con e-parent\" data-id=\"8b73320\" data-element_type=\"container\" data-e-type=\"container\">\n\t\t\t\t\t<div class=\"e-con-inner\">\n\t\t<div data-particle_enable=\"false\" data-particle-mobile-disabled=\"false\" class=\"elementor-element elementor-element-9100793 e-flex e-con-boxed e-con e-child\" data-id=\"9100793\" data-element_type=\"container\" data-e-type=\"container\">\n\t\t\t\t\t<div class=\"e-con-inner\">\n\t\t\t\t<div class=\"elementor-element elementor-element-ffbaffe elementor-widget elementor-widget-MEC-SHORTCODE-BUILDER\" data-id=\"ffbaffe\" data-element_type=\"widget\" data-e-type=\"widget\" data-widget_type=\"MEC-SHORTCODE-BUILDER.default\">\n\t\t\t\t<div class=\"elementor-widget-container\">\n\t\t\t\t\t<div class=\"mec-wrap mec-skin-grid-container  \" id=\"mec_skin_0\">\r\n\r\n    \r\n            <div class=\"mec-skin-grid-events-container\" id=\"mec_skin_events_0\">\r\n        <div class=\"mec-wrap colorskin-custom\">\r\n    <div class=\"mec-event-grid-simple\" data-widget-autoplay=\"1\" data-widget-loop=\"1\" data-widget-autoplay-time=\"3000\">\r\n        <div class=\"row\"><div class=\"col-md-12 col-sm-12\"><article class=\" mec-event-article mec-clear  \" itemscope>                                <div class=\"mec-event-date mec-color\"><span class=\"mec-start-date-label\">Apr. 28 2026<\/span><\/div>\r\n            <h4 class=\"mec-event-title\"><a class=\"mec-color-hover\" data-event-id=\"18378\" href=\"https:\/\/www.meine-awi.de\/awi-aktuell\/veranstaltungen\/fitforjob-2025-237\/?occurrence=2026-04-28\" target=\"_blank\" rel=\"noopener\">vocatium Augsburg 2026 &#8211; Tag 1<\/a><\/h4>\r\n            <div class=\"mec-event-detail\">\r\n                <span class=\"mec-event-loc-place\">Kongress am Park<\/span>\r\n                                                                                            <\/div>\r\n                    <\/article><\/div><\/div>                        \t<\/div>\r\n<\/div>\r\n\r\n    <\/div>\r\n    <div class=\"mec-skin-grid-no-events-container mec-util-hidden\" id=\"mec_skin_no_events_0\">\r\n        Keine Veranstaltung gefunden    <\/div>\r\n    \r\n    \r\n<\/div>\r\n\t\t\t\t<\/div>\n\t\t\t\t<\/div>\n\t\t<div data-particle_enable=\"false\" data-particle-mobile-disabled=\"false\" class=\"elementor-element elementor-element-d55cc42 e-con-full e-flex e-con e-child\" data-id=\"d55cc42\" data-element_type=\"container\" data-e-type=\"container\">\n\t\t\t\t<div class=\"elementor-element elementor-element-3139f0f elementor-widget__width-initial elementor-widget-tablet__width-initial elementor-widget-mobile__width-initial elementor-widget elementor-widget-MEC-SHORTCODE-BUILDER\" data-id=\"3139f0f\" data-element_type=\"widget\" data-e-type=\"widget\" data-widget_type=\"MEC-SHORTCODE-BUILDER.default\">\n\t\t\t\t<div class=\"elementor-widget-container\">\n\t\t\t\t\t<div class=\"mec-wrap mec-skin-grid-container  \" id=\"mec_skin_0\">\r\n\r\n    \r\n            <div class=\"mec-skin-grid-events-container\" id=\"mec_skin_events_0\">\r\n        <div class=\"mec-wrap colorskin-custom\">\r\n    <div class=\"mec-event-grid-simple\" data-widget-autoplay=\"1\" data-widget-loop=\"1\" data-widget-autoplay-time=\"3000\">\r\n        <div class=\"row\"><div class=\"col-md-12 col-sm-12\"><article class=\" mec-event-article mec-clear  \" itemscope>                                <div class=\"mec-event-date mec-color\"><span class=\"mec-start-date-label\">28 Apr. 2026<\/span><\/div>\r\n            <h4 class=\"mec-event-title\"><a class=\"mec-color-hover\" data-event-id=\"18378\" href=\"https:\/\/www.meine-awi.de\/awi-aktuell\/veranstaltungen\/fitforjob-2025-237\/?occurrence=2026-04-28\" target=\"_blank\" rel=\"noopener\">vocatium Augsburg 2026 &#8211; Tag 1<\/a><\/h4>\r\n            <div class=\"mec-event-detail\">\r\n                <span class=\"mec-event-loc-place\">Kongress am Park<\/span>\r\n                                <div class=\"mec-time-details\"><span class=\"mec-start-time\">08:30<\/span> - <span class=\"mec-end-time\">14:45<\/span><\/div>                                                            <\/div>\r\n                    <\/article><\/div><\/div>                        \t<\/div>\r\n<\/div>\r\n\r\n    <\/div>\r\n    <div class=\"mec-skin-grid-no-events-container mec-util-hidden\" id=\"mec_skin_no_events_0\">\r\n        Keine Veranstaltung gefunden    <\/div>\r\n    \r\n    \r\n<\/div>\r\n\t\t\t\t<\/div>\n\t\t\t\t<\/div>\n\t\t\t\t<div class=\"elementor-element elementor-element-7fa0edd elementor-widget__width-inherit elementor-widget-tablet__width-initial elementor-widget elementor-widget-MEC-SHORTCODE-BUILDER\" data-id=\"7fa0edd\" data-element_type=\"widget\" data-e-type=\"widget\" data-widget_type=\"MEC-SHORTCODE-BUILDER.default\">\n\t\t\t\t<div class=\"elementor-widget-container\">\n\t\t\t\t\t<div class=\"mec-wrap mec-skin-grid-container  \" id=\"mec_skin_47\">\r\n\r\n    \r\n            <div class=\"mec-skin-grid-events-container\" id=\"mec_skin_events_47\">\r\n        <div class=\"mec-wrap colorskin-custom\">\r\n    <div class=\"mec-event-grid-simple\" data-widget-autoplay=\"1\" data-widget-loop=\"1\" data-widget-autoplay-time=\"3000\">\r\n        <div class=\"row\"><div class=\"col-md-12 col-sm-12\"><article class=\" mec-event-article mec-clear  \" itemscope>                                <div class=\"mec-event-date mec-color\"><span class=\"mec-start-date-label\">Apr. 28 2026<\/span><\/div>\r\n            <h4 class=\"mec-event-title\"><a class=\"mec-color-hover\" data-event-id=\"18378\" href=\"https:\/\/www.meine-awi.de\/awi-aktuell\/veranstaltungen\/fitforjob-2025-237\/?occurrence=2026-04-28\" target=\"_blank\" rel=\"noopener\">vocatium Augsburg 2026 &#8211; Tag 1<\/a><\/h4>\r\n            <div class=\"mec-event-detail\">\r\n                <span class=\"mec-event-loc-place\">Kongress am Park<\/span>\r\n                                <div class=\"mec-time-details\"><span class=\"mec-start-time\">08:30<\/span> - <span class=\"mec-end-time\">14:45<\/span><\/div>                                                            <\/div>\r\n                    <\/article><\/div><\/div>                        \t<\/div>\r\n<\/div>\r\n\r\n    <\/div>\r\n    <div class=\"mec-skin-grid-no-events-container mec-util-hidden\" id=\"mec_skin_no_events_47\">\r\n        Keine Veranstaltung gefunden    <\/div>\r\n    \r\n    \r\n<\/div>\r\n\t\t\t\t<\/div>\n\t\t\t\t<\/div>\n\t\t\t\t<div class=\"elementor-element elementor-element-b1fc804 elementor-widget-tablet__width-initial elementor-view-default elementor-widget elementor-widget-icon\" data-id=\"b1fc804\" data-element_type=\"widget\" data-e-type=\"widget\" data-widget_type=\"icon.default\">\n\t\t\t\t<div class=\"elementor-widget-container\">\n\t\t\t\t\t\t\t<div class=\"elementor-icon-wrapper\">\n\t\t\t<div class=\"elementor-icon\">\n\t\t\t<i aria-hidden=\"true\" class=\"far fa-clock\"><\/i>\t\t\t<\/div>\n\t\t<\/div>\n\t\t\t\t\t\t<\/div>\n\t\t\t\t<\/div>\n\t\t\t\t<div class=\"elementor-element elementor-element-b06a516 elementor-widget__width-initial elementor-view-default elementor-widget elementor-widget-icon\" data-id=\"b06a516\" data-element_type=\"widget\" data-e-type=\"widget\" data-widget_type=\"icon.default\">\n\t\t\t\t<div class=\"elementor-widget-container\">\n\t\t\t\t\t\t\t<div class=\"elementor-icon-wrapper\">\n\t\t\t<div class=\"elementor-icon\">\n\t\t\t<i aria-hidden=\"true\" class=\"far fa-calendar-alt\"><\/i>\t\t\t<\/div>\n\t\t<\/div>\n\t\t\t\t\t\t<\/div>\n\t\t\t\t<\/div>\n\t\t\t\t<\/div>\n\t\t<div data-particle_enable=\"false\" data-particle-mobile-disabled=\"false\" class=\"elementor-element elementor-element-72995e8 e-con-full e-flex e-con e-child\" data-id=\"72995e8\" data-element_type=\"container\" data-e-type=\"container\">\n\t\t\t\t<div class=\"elementor-element elementor-element-120dfe3 elementor-widget__width-initial elementor-widget elementor-widget-MEC-SHORTCODE-BUILDER\" data-id=\"120dfe3\" data-element_type=\"widget\" data-e-type=\"widget\" data-widget_type=\"MEC-SHORTCODE-BUILDER.default\">\n\t\t\t\t<div class=\"elementor-widget-container\">\n\t\t\t\t\t<div class=\"mec-wrap mec-skin-grid-container  \" id=\"mec_skin_0\">\r\n\r\n    \r\n            <div class=\"mec-skin-grid-events-container\" id=\"mec_skin_events_0\">\r\n        <div class=\"mec-wrap colorskin-custom\">\r\n    <div class=\"mec-event-grid-simple\" data-widget-autoplay=\"1\" data-widget-loop=\"1\" data-widget-autoplay-time=\"3000\">\r\n        <div class=\"row\"><div class=\"col-md-12 col-sm-12\"><article class=\" mec-event-article mec-clear  \" itemscope>                                <div class=\"mec-event-date mec-color\"><span class=\"mec-start-date-label\">Apr. 28 2026<\/span><\/div>\r\n            <h4 class=\"mec-event-title\"><a class=\"mec-color-hover\" data-event-id=\"18378\" href=\"https:\/\/www.meine-awi.de\/awi-aktuell\/veranstaltungen\/fitforjob-2025-237\/?occurrence=2026-04-28\" target=\"_blank\" rel=\"noopener\">vocatium Augsburg 2026 &#8211; Tag 1<\/a><\/h4>\r\n            <div class=\"mec-event-detail\">\r\n                <span class=\"mec-event-loc-place\">Kongress am Park<\/span>\r\n                                                                                            <\/div>\r\n                    <\/article><\/div><\/div>                        \t<\/div>\r\n<\/div>\r\n\r\n    <\/div>\r\n    <div class=\"mec-skin-grid-no-events-container mec-util-hidden\" id=\"mec_skin_no_events_0\">\r\n        Keine Veranstaltung gefunden    <\/div>\r\n    \r\n    \r\n<\/div>\r\n\t\t\t\t<\/div>\n\t\t\t\t<\/div>\n\t\t\t\t<div class=\"elementor-element elementor-element-13fb0be elementor-view-default elementor-widget elementor-widget-icon\" data-id=\"13fb0be\" data-element_type=\"widget\" data-e-type=\"widget\" data-widget_type=\"icon.default\">\n\t\t\t\t<div class=\"elementor-widget-container\">\n\t\t\t\t\t\t\t<div class=\"elementor-icon-wrapper\">\n\t\t\t<div class=\"elementor-icon\">\n\t\t\t<i aria-hidden=\"true\" class=\"fas fa-map-marker-alt\"><\/i>\t\t\t<\/div>\n\t\t<\/div>\n\t\t\t\t\t\t<\/div>\n\t\t\t\t<\/div>\n\t\t\t\t<\/div>\n\t\t\t\t\t<\/div>\n\t\t\t\t<\/div>\n\t\t\t\t\t<\/div>\n\t\t\t\t<\/div>\n\t\t\t\t<\/div>\n\t\t<\/div>\n\t\t\t\t\t\t<\/div>\n\t\t\t\t<\/div>\n\t\t\t\t<div class=\"elementor-element elementor-element-5323d96 elementor-widget elementor-widget-text-editor\" data-id=\"5323d96\" data-element_type=\"widget\" data-e-type=\"widget\" data-widget_type=\"text-editor.default\">\n\t\t\t\t<div class=\"elementor-widget-container\">\n\t\t\t\t\t\t\t\t\t<p>Alle unsere n\u00e4chsten <a href=\"https:\/\/www.meine-awi.de\/awi-aktuell\/naechste-veranstaltungen\/\" target=\"_blank\" rel=\"noopener\">Veranstaltungen<\/a><\/p>\t\t\t\t\t\t\t\t<\/div>\n\t\t\t\t<\/div>\n\t\t\t\t\t<\/div>\n\t\t<\/div>\n\t\t\t\t\t<\/div>\n\t\t<\/section>\n\t\t\t\t<div class=\"elementor-element elementor-element-fad98e6 elementor-hidden-desktop elementor-hidden-tablet elementor-hidden-phone elementor-widget elementor-widget-html\" data-id=\"fad98e6\" data-element_type=\"widget\" data-e-type=\"widget\" data-widget_type=\"html.default\">\n\t\t\t\t<div class=\"elementor-widget-container\">\n\t\t\t\t\t<base target=\"_top\">\t\t\t\t<\/div>\n\t\t\t\t<\/div>\n\t\t\t\t\t<\/div>\n\t\t<\/div>\n\t\t\t\t\t<\/div>\n\t\t<\/section>\n\t\t\t\t<\/div>\n\t\t","protected":false},"excerpt":{"rendered":"<p>News Alle News finden Sie unter Aktuelles Veranstaltung Alle unsere n\u00e4chsten Veranstaltungen<\/p>\n","protected":false},"author":4,"featured_media":0,"parent":0,"menu_order":0,"comment_status":"closed","ping_status":"closed","template":"elementor_canvas","meta":{"footnotes":""},"class_list":["post-3462","page","type-page","status-publish","hentry"],"yoast_head":"<!-- This site is optimized with the Yoast SEO Premium plugin v27.2 (Yoast SEO v27.4) - https:\/\/yoast.com\/product\/yoast-seo-premium-wordpress\/ -->\n<title>Base frame N\u00e4chste Veranstaltungen Meine AWI | Aktuelle Steuerthemen Steuerberater &amp; Wirtschaftspr\u00fcfer Augsburg<\/title>\n<meta name=\"robots\" content=\"index, follow, max-snippet:-1, max-image-preview:large, max-video-preview:-1\" \/>\n<link rel=\"canonical\" href=\"https:\/\/www.meine-awi.de\/awi-aktuell\/base-frame-naechste-veranstaltungen\/\" \/>\n<meta property=\"og:locale\" content=\"de_DE\" \/>\n<meta property=\"og:type\" content=\"article\" \/>\n<meta property=\"og:title\" content=\"Base frame N\u00e4chste Veranstaltungen Meine AWI\" \/>\n<meta property=\"og:description\" content=\"News   Alle News finden Sie unter Aktuelles   Veranstaltung   Alle unsere n\u00e4chsten Veranstaltungen\" \/>\n<meta property=\"og:url\" content=\"https:\/\/www.meine-awi.de\/awi-aktuell\/base-frame-naechste-veranstaltungen\/\" \/>\n<meta property=\"og:site_name\" content=\"Aktuelle Steuerthemen Steuerberater &amp; Wirtschaftspr\u00fcfer Augsburg\" \/>\n<meta property=\"article:modified_time\" content=\"2024-11-30T10:21:15+00:00\" \/>\n<meta property=\"og:image\" content=\"https:\/\/www.meine-awi.de\/awi-aktuell\/wp-content\/uploads\/sites\/6\/2021\/04\/AWI-Aktuell-Steuerberater-und-Wirtschaftspruefer-Augsburg.jpg\" \/>\n\t<meta property=\"og:image:width\" content=\"467\" \/>\n\t<meta property=\"og:image:height\" content=\"233\" \/>\n\t<meta property=\"og:image:type\" content=\"image\/jpeg\" \/>\n<meta name=\"twitter:card\" content=\"summary_large_image\" \/>\n<meta name=\"twitter:label1\" content=\"Gesch\u00e4tzte Lesezeit\" \/>\n\t<meta name=\"twitter:data1\" content=\"1\u00a0Minute\" \/>\n<script type=\"application\/ld+json\" class=\"yoast-schema-graph\">{\"@context\":\"https:\\\/\\\/schema.org\",\"@graph\":[{\"@type\":\"WebPage\",\"@id\":\"https:\\\/\\\/www.meine-awi.de\\\/awi-aktuell\\\/base-frame-naechste-veranstaltungen\\\/\",\"url\":\"https:\\\/\\\/www.meine-awi.de\\\/awi-aktuell\\\/base-frame-naechste-veranstaltungen\\\/\",\"name\":\"Base frame N\u00e4chste Veranstaltungen Meine AWI | Aktuelle Steuerthemen Steuerberater &amp; Wirtschaftspr\u00fcfer Augsburg\",\"isPartOf\":{\"@id\":\"https:\\\/\\\/www.meine-awi.de\\\/awi-aktuell\\\/#website\"},\"datePublished\":\"2020-07-12T18:11:45+00:00\",\"dateModified\":\"2024-11-30T10:21:15+00:00\",\"breadcrumb\":{\"@id\":\"https:\\\/\\\/www.meine-awi.de\\\/awi-aktuell\\\/base-frame-naechste-veranstaltungen\\\/#breadcrumb\"},\"inLanguage\":\"de\",\"potentialAction\":[{\"@type\":\"ReadAction\",\"target\":[\"https:\\\/\\\/www.meine-awi.de\\\/awi-aktuell\\\/base-frame-naechste-veranstaltungen\\\/\"]}]},{\"@type\":\"BreadcrumbList\",\"@id\":\"https:\\\/\\\/www.meine-awi.de\\\/awi-aktuell\\\/base-frame-naechste-veranstaltungen\\\/#breadcrumb\",\"itemListElement\":[{\"@type\":\"ListItem\",\"position\":1,\"name\":\"Home\",\"item\":\"https:\\\/\\\/www.meine-awi.de\\\/awi-aktuell\\\/\"},{\"@type\":\"ListItem\",\"position\":2,\"name\":\"Base frame N\u00e4chste Veranstaltungen Meine AWI\"}]},{\"@type\":\"WebSite\",\"@id\":\"https:\\\/\\\/www.meine-awi.de\\\/awi-aktuell\\\/#website\",\"url\":\"https:\\\/\\\/www.meine-awi.de\\\/awi-aktuell\\\/\",\"name\":\"Aktuelle Steuerthemen Steuerberater &amp; Wirtschaftspr\u00fcfer Augsburg\",\"description\":\"awi Wirtschaftskanzlei Augsburg\",\"publisher\":{\"@id\":\"https:\\\/\\\/www.meine-awi.de\\\/awi-aktuell\\\/#organization\"},\"potentialAction\":[{\"@type\":\"SearchAction\",\"target\":{\"@type\":\"EntryPoint\",\"urlTemplate\":\"https:\\\/\\\/www.meine-awi.de\\\/awi-aktuell\\\/?s={search_term_string}\"},\"query-input\":{\"@type\":\"PropertyValueSpecification\",\"valueRequired\":true,\"valueName\":\"search_term_string\"}}],\"inLanguage\":\"de\"},{\"@type\":\"Organization\",\"@id\":\"https:\\\/\\\/www.meine-awi.de\\\/awi-aktuell\\\/#organization\",\"name\":\"AWI TREUHAND\",\"url\":\"https:\\\/\\\/www.meine-awi.de\\\/awi-aktuell\\\/\",\"logo\":{\"@type\":\"ImageObject\",\"inLanguage\":\"de\",\"@id\":\"https:\\\/\\\/www.meine-awi.de\\\/awi-aktuell\\\/#\\\/schema\\\/logo\\\/image\\\/\",\"url\":\"https:\\\/\\\/www.meine-awi.de\\\/awi-aktuell\\\/wp-content\\\/uploads\\\/sites\\\/6\\\/2020\\\/12\\\/AWI-LOGO-grande-senza-awi.png\",\"contentUrl\":\"https:\\\/\\\/www.meine-awi.de\\\/awi-aktuell\\\/wp-content\\\/uploads\\\/sites\\\/6\\\/2020\\\/12\\\/AWI-LOGO-grande-senza-awi.png\",\"width\":497,\"height\":558,\"caption\":\"AWI TREUHAND\"},\"image\":{\"@id\":\"https:\\\/\\\/www.meine-awi.de\\\/awi-aktuell\\\/#\\\/schema\\\/logo\\\/image\\\/\"}}]}<\/script>\n<!-- \/ Yoast SEO Premium plugin. -->","yoast_head_json":{"title":"Base frame N\u00e4chste Veranstaltungen Meine AWI | Aktuelle Steuerthemen Steuerberater &amp; Wirtschaftspr\u00fcfer Augsburg","robots":{"index":"index","follow":"follow","max-snippet":"max-snippet:-1","max-image-preview":"max-image-preview:large","max-video-preview":"max-video-preview:-1"},"canonical":"https:\/\/www.meine-awi.de\/awi-aktuell\/base-frame-naechste-veranstaltungen\/","og_locale":"de_DE","og_type":"article","og_title":"Base frame N\u00e4chste Veranstaltungen Meine AWI","og_description":"News   Alle News finden Sie unter Aktuelles   Veranstaltung   Alle unsere n\u00e4chsten Veranstaltungen","og_url":"https:\/\/www.meine-awi.de\/awi-aktuell\/base-frame-naechste-veranstaltungen\/","og_site_name":"Aktuelle Steuerthemen Steuerberater &amp; Wirtschaftspr\u00fcfer Augsburg","article_modified_time":"2024-11-30T10:21:15+00:00","og_image":[{"width":467,"height":233,"url":"https:\/\/www.meine-awi.de\/awi-aktuell\/wp-content\/uploads\/sites\/6\/2021\/04\/AWI-Aktuell-Steuerberater-und-Wirtschaftspruefer-Augsburg.jpg","type":"image\/jpeg"}],"twitter_card":"summary_large_image","twitter_misc":{"Gesch\u00e4tzte Lesezeit":"1\u00a0Minute"},"schema":{"@context":"https:\/\/schema.org","@graph":[{"@type":"WebPage","@id":"https:\/\/www.meine-awi.de\/awi-aktuell\/base-frame-naechste-veranstaltungen\/","url":"https:\/\/www.meine-awi.de\/awi-aktuell\/base-frame-naechste-veranstaltungen\/","name":"Base frame N\u00e4chste Veranstaltungen Meine AWI | Aktuelle Steuerthemen Steuerberater &amp; Wirtschaftspr\u00fcfer Augsburg","isPartOf":{"@id":"https:\/\/www.meine-awi.de\/awi-aktuell\/#website"},"datePublished":"2020-07-12T18:11:45+00:00","dateModified":"2024-11-30T10:21:15+00:00","breadcrumb":{"@id":"https:\/\/www.meine-awi.de\/awi-aktuell\/base-frame-naechste-veranstaltungen\/#breadcrumb"},"inLanguage":"de","potentialAction":[{"@type":"ReadAction","target":["https:\/\/www.meine-awi.de\/awi-aktuell\/base-frame-naechste-veranstaltungen\/"]}]},{"@type":"BreadcrumbList","@id":"https:\/\/www.meine-awi.de\/awi-aktuell\/base-frame-naechste-veranstaltungen\/#breadcrumb","itemListElement":[{"@type":"ListItem","position":1,"name":"Home","item":"https:\/\/www.meine-awi.de\/awi-aktuell\/"},{"@type":"ListItem","position":2,"name":"Base frame N\u00e4chste Veranstaltungen Meine AWI"}]},{"@type":"WebSite","@id":"https:\/\/www.meine-awi.de\/awi-aktuell\/#website","url":"https:\/\/www.meine-awi.de\/awi-aktuell\/","name":"Aktuelle Steuerthemen Steuerberater &amp; Wirtschaftspr\u00fcfer Augsburg","description":"awi Wirtschaftskanzlei Augsburg","publisher":{"@id":"https:\/\/www.meine-awi.de\/awi-aktuell\/#organization"},"potentialAction":[{"@type":"SearchAction","target":{"@type":"EntryPoint","urlTemplate":"https:\/\/www.meine-awi.de\/awi-aktuell\/?s={search_term_string}"},"query-input":{"@type":"PropertyValueSpecification","valueRequired":true,"valueName":"search_term_string"}}],"inLanguage":"de"},{"@type":"Organization","@id":"https:\/\/www.meine-awi.de\/awi-aktuell\/#organization","name":"AWI TREUHAND","url":"https:\/\/www.meine-awi.de\/awi-aktuell\/","logo":{"@type":"ImageObject","inLanguage":"de","@id":"https:\/\/www.meine-awi.de\/awi-aktuell\/#\/schema\/logo\/image\/","url":"https:\/\/www.meine-awi.de\/awi-aktuell\/wp-content\/uploads\/sites\/6\/2020\/12\/AWI-LOGO-grande-senza-awi.png","contentUrl":"https:\/\/www.meine-awi.de\/awi-aktuell\/wp-content\/uploads\/sites\/6\/2020\/12\/AWI-LOGO-grande-senza-awi.png","width":497,"height":558,"caption":"AWI TREUHAND"},"image":{"@id":"https:\/\/www.meine-awi.de\/awi-aktuell\/#\/schema\/logo\/image\/"}}]}},"_links":{"self":[{"href":"https:\/\/www.meine-awi.de\/awi-aktuell\/wp-json\/wp\/v2\/pages\/3462","targetHints":{"allow":["GET"]}}],"collection":[{"href":"https:\/\/www.meine-awi.de\/awi-aktuell\/wp-json\/wp\/v2\/pages"}],"about":[{"href":"https:\/\/www.meine-awi.de\/awi-aktuell\/wp-json\/wp\/v2\/types\/page"}],"author":[{"embeddable":true,"href":"https:\/\/www.meine-awi.de\/awi-aktuell\/wp-json\/wp\/v2\/users\/4"}],"replies":[{"embeddable":true,"href":"https:\/\/www.meine-awi.de\/awi-aktuell\/wp-json\/wp\/v2\/comments?post=3462"}],"version-history":[{"count":0,"href":"https:\/\/www.meine-awi.de\/awi-aktuell\/wp-json\/wp\/v2\/pages\/3462\/revisions"}],"wp:attachment":[{"href":"https:\/\/www.meine-awi.de\/awi-aktuell\/wp-json\/wp\/v2\/media?parent=3462"}],"curies":[{"name":"wp","href":"https:\/\/api.w.org\/{rel}","templated":true}]}}